{"id":328,"date":"2023-03-01T22:13:42","date_gmt":"2023-03-01T21:13:42","guid":{"rendered":"https:\/\/vincent-gaudry.com\/legal-notice\/"},"modified":"2023-12-19T15:00:51","modified_gmt":"2023-12-19T14:00:51","slug":"legal-notice","status":"publish","type":"page","link":"https:\/\/vincent-gaudry.com\/en\/legal-notice\/","title":{"rendered":"Legal notice"},"content":{"rendered":"\n<p><\/p>\n\n<h2 class=\"wp-block-heading\">Credits<\/h2>\n\n<p>Text :<br\/><strong>Yves Marchand<\/strong><\/p>\n\n<p>Photography :<br\/><strong>Gianni Villa<\/strong><br\/><a class=\"\" href=\"http:\/\/www.giannivilla.com\/\">www.giannivilla.com<\/a><\/p>\n\n<p>Graphic design and production:<br\/><strong>ABM Studio<\/strong><br\/><a class=\"\" href=\"http:\/\/www.abm-studio.com\/\">www.abm-studio.com<\/a><\/p>\n\n<p>\u00a0<\/p>\n\n<p>\u00a0<\/p>\n\n<p>Mentions l\u00e9gales en vigueur au 11\/09\/2023<\/p>\n\n<p>Conform\u00e9ment aux dispositions des Articles 6-III et 19 de la Loi n\u00b02004-575 du 21 juin 2004 pour la Confiance dans l\u2019\u00e9conomie num\u00e9rique, dite L.C.E.N., il est port\u00e9 \u00e0 la connaissance des utilisateurs et visiteurs, ci-apr\u00e8s l&#8221;&#8221;<strong>Utilisateur<\/strong>&#8220;, du site vincent-gaudry.com , ci-apr\u00e8s le &#8220;<strong>Site<\/strong>&#8220;, les pr\u00e9sentes mentions l\u00e9gales.<\/p>\n\n<p>La connexion et la navigation sur le Site par l\u2019Utilisateur implique acceptation int\u00e9grale et sans r\u00e9serve des pr\u00e9sentes mentions l\u00e9gales.<\/p>\n\n<p>Ces derni\u00e8res sont accessibles sur le Site \u00e0 la rubrique \u00ab <strong>Mentions l\u00e9gales<\/strong> \u00bb.<\/p>\n\n<p>\u00a0<\/p>\n\n<h2 class=\"wp-block-heading\">Article 1 &#8211; L&#8217;\u00e9diteur<\/h2>\n\n<p>L&#8217;\u00e9dition du Site est assur\u00e9e par SCEV Gaudry Vincent SCEV, immatricul\u00e9e au Registre du Commerce avec le num\u00e9ro SIRET 91769294900014 dont le si\u00e8ge social est situ\u00e9 au 14 Rue du Champ des Pr\u00e9s \u2013 Chambre \u2013 18300 SURY EN VAUX, <\/p>\n\n<p>Num\u00e9ro de t\u00e9l\u00e9phone + 33 (0)2 48 79 49 25, <\/p>\n\n<p>Adresse e-mail : vincent.gaudry@orange.fr.<\/p>\n\n<p>N\u00b0 de TVA intracommunautaire : FR27917692949<\/p>\n\n<p>La Directrice de la publication est S\u00e9verine Gaudry<\/p>\n\n<p>ci-apr\u00e8s l'&#8221;<strong>Editeur<\/strong>&#8220;.<\/p>\n\n<h1 class=\"wp-block-heading\">\u00a0\u00a0<\/h1>\n\n<h2 class=\"wp-block-heading\">Article 2 &#8211; L&#8217;h\u00e9bergeur<\/h2>\n\n<p>L&#8217;h\u00e9bergeur du Site est la soci\u00e9t\u00e9 OVH SAS au capital de 10 174 560 \u20ac, dont le si\u00e8ge social est situ\u00e9 au 2 rue Kellermann &#8211; 59100 Roubaix &#8211; France, <\/p>\n\n<p>RCS Lille M\u00e9tropole 424 761 419 00045<br\/>Code APE 2620Z<br\/>N\u00b0 TVA : FR 22 424 761 419<\/p>\n\n<p>OVH SAS est une filiale de la soci\u00e9t\u00e9 OVH Groupe SA, soci\u00e9t\u00e9 immatricul\u00e9e au RCS de Lille sous le num\u00e9ro 537 407 926 sise 2, rue Kellermann, 59100 Roubaix.<\/p>\n\n<p>\u00a0\u00a0<\/p>\n\n<h2 class=\"wp-block-heading\">Article 3 &#8211; Acc\u00e8s au site<\/h2>\n\n<p>Le Site est accessible en tout endroit, 7j\/7, 24h\/24 sauf cas de force majeure, interruption programm\u00e9e ou non et pouvant d\u00e9coulant d\u2019une n\u00e9cessit\u00e9 de maintenance.<\/p>\n\n<p>En cas de modification, interruption ou suspension du Site, l&#8217;Editeur ne saurait \u00eatre tenu responsable.<\/p>\n\n<p>\u00a0<\/p>\n\n<h2 class=\"wp-block-heading\">Article 4 &#8211; Collecte de donn\u00e9es<\/h2>\n\n<p>Le site est exempt\u00e9 de d\u00e9claration \u00e0 la Commission Nationale Informatique et Libert\u00e9s (CNIL) dans la mesure o\u00f9 il ne collecte aucune donn\u00e9e concernant les utilisateurs.<\/p>\n\n<p>Toute utilisation, reproduction, diffusion, commercialisation, modification de toute ou partie du Site, sans autorisation de l\u2019Editeur est prohib\u00e9e et pourra entra\u00een\u00e9e des actions et poursuites judiciaires telles que notamment pr\u00e9vues par le Code de la propri\u00e9t\u00e9 intellectuelle et le Code civil.<\/p>\n\n<p><\/p>\n","protected":false},"excerpt":{"rendered":"<p>Credits Text :Yves Marchand Photography :Gianni Villawww.giannivilla.com Graphic design and production:ABM Studiowww.abm-studio.com \u00a0 \u00a0 Mentions l\u00e9gales en vigueur au 11\/09\/2023 Conform\u00e9ment aux dispositions des Articles 6-III et 19 de la Loi n\u00b02004-575 du 21 juin 2004 pour la Confiance dans l\u2019\u00e9conomie num\u00e9rique, dite L.C.E.N., il est port\u00e9 \u00e0 la connaissance des utilisateurs et visiteurs, ci-apr\u00e8s [&hellip;]<\/p>\n","protected":false},"author":1,"featured_media":0,"parent":0,"menu_order":0,"comment_status":"closed","ping_status":"open","template":"","meta":{"footnotes":""},"class_list":["post-328","page","type-page","status-publish","hentry"],"acf":[],"_links":{"self":[{"href":"https:\/\/vincent-gaudry.com\/en\/wp-json\/wp\/v2\/pages\/328","targetHints":{"allow":["GET"]}}],"collection":[{"href":"https:\/\/vincent-gaudry.com\/en\/wp-json\/wp\/v2\/pages"}],"about":[{"href":"https:\/\/vincent-gaudry.com\/en\/wp-json\/wp\/v2\/types\/page"}],"author":[{"embeddable":true,"href":"https:\/\/vincent-gaudry.com\/en\/wp-json\/wp\/v2\/users\/1"}],"replies":[{"embeddable":true,"href":"https:\/\/vincent-gaudry.com\/en\/wp-json\/wp\/v2\/comments?post=328"}],"version-history":[{"count":3,"href":"https:\/\/vincent-gaudry.com\/en\/wp-json\/wp\/v2\/pages\/328\/revisions"}],"predecessor-version":[{"id":331,"href":"https:\/\/vincent-gaudry.com\/en\/wp-json\/wp\/v2\/pages\/328\/revisions\/331"}],"wp:attachment":[{"href":"https:\/\/vincent-gaudry.com\/en\/wp-json\/wp\/v2\/media?parent=328"}],"curies":[{"name":"wp","href":"https:\/\/api.w.org\/{rel}","templated":true}]}}